{"id":14,"date":"2024-06-18T19:53:11","date_gmt":"2024-06-18T19:53:11","guid":{"rendered":"https:\/\/jenni.dev.mspot.se\/?post_type=product&#038;p=14"},"modified":"2024-06-18T23:59:04","modified_gmt":"2024-06-18T23:59:04","slug":"ett-foto","status":"publish","type":"product","link":"https:\/\/jenni.dev.mspot.se\/?product=ett-foto","title":{"rendered":"Ett foto"},"content":{"rendered":"<p style=\"text-align: center;\">Ett digitalt foto som ger dig r\u00e4tten att g\u00f6ra vad du vill med det. OBS! Detta \u00e4r enbart en test produkt!<\/p>\n","protected":false},"excerpt":{"rendered":"<p>Ett digitalt foto som ger dig r\u00e4tten att g\u00f6ra vad du vill med det. OBS! Detta \u00e4r enbart en test produkt!<\/p>\n","protected":false},"featured_media":15,"comment_status":"open","ping_status":"closed","template":"","meta":[],"product_brand":[],"product_cat":[15],"product_tag":[17],"class_list":{"0":"post-14","1":"product","2":"type-product","3":"status-publish","4":"has-post-thumbnail","6":"product_cat-uncategorized","7":"product_tag-photosbyjenni","9":"first","10":"instock","11":"downloadable","12":"taxable","13":"shipping-taxable","14":"purchasable","15":"product-type-simple"},"_links":{"self":[{"href":"https:\/\/jenni.dev.mspot.se\/index.php?rest_route=\/wp\/v2\/product\/14","targetHints":{"allow":["GET"]}}],"collection":[{"href":"https:\/\/jenni.dev.mspot.se\/index.php?rest_route=\/wp\/v2\/product"}],"about":[{"href":"https:\/\/jenni.dev.mspot.se\/index.php?rest_route=\/wp\/v2\/types\/product"}],"replies":[{"embeddable":true,"href":"https:\/\/jenni.dev.mspot.se\/index.php?rest_route=%2Fwp%2Fv2%2Fcomments&post=14"}],"wp:featuredmedia":[{"embeddable":true,"href":"https:\/\/jenni.dev.mspot.se\/index.php?rest_route=\/wp\/v2\/media\/15"}],"wp:attachment":[{"href":"https:\/\/jenni.dev.mspot.se\/index.php?rest_route=%2Fwp%2Fv2%2Fmedia&parent=14"}],"wp:term":[{"taxonomy":"product_brand","embeddable":true,"href":"https:\/\/jenni.dev.mspot.se\/index.php?rest_route=%2Fwp%2Fv2%2Fproduct_brand&post=14"},{"taxonomy":"product_cat","embeddable":true,"href":"https:\/\/jenni.dev.mspot.se\/index.php?rest_route=%2Fwp%2Fv2%2Fproduct_cat&post=14"},{"taxonomy":"product_tag","embeddable":true,"href":"https:\/\/jenni.dev.mspot.se\/index.php?rest_route=%2Fwp%2Fv2%2Fproduct_tag&post=14"}],"curies":[{"name":"wp","href":"https:\/\/api.w.org\/{rel}","templated":true}]}}